{"id":802,"date":"2014-06-28T22:35:10","date_gmt":"2014-06-28T21:35:10","guid":{"rendered":"http:\/\/www.ulm-experience.com\/?page_id=802"},"modified":"2014-06-28T22:35:10","modified_gmt":"2014-06-28T21:35:10","slug":"photos","status":"publish","type":"page","link":"https:\/\/www.ulm-experience.com\/?page_id=802","title":{"rendered":"Photos"},"content":{"rendered":"<p>Voler est l&rsquo;occasion de voir le paysage avec une perspective que l&rsquo;on ne voit pas tous les jours, de voir loin et aussi de voir des choses que l&rsquo;on ne voit pas du sol. Mes premiers vols m&rsquo;ont rapidement donner envie de figer ces moments qui passent trop vites.<\/p>\n<p>En ULM, les conditions ne sont pas id\u00e9ales pour prendre de bonnes photos : il y a un mouvement permanent ( et pas question de s&rsquo;arr\u00eater ! ), des vibrations, un angle de vue impos\u00e9 &#8230; Le d\u00e9fi est de taille mais il n&rsquo;en n&rsquo;est que plus motivant !<\/p>\n<p>Voici un extrait des photos prises lors de nos ballades en ULM.<\/p>\n<p><ul class=\"ngg-breadcrumbs\">\n\t\t\t<li class=\"ngg-breadcrumb\">\n\t\t\t\t\t\t\tPhotos du ciel\t\t\t\t\t\t\t\t<\/li>\n\t<\/ul>[Not a valid template]<\/p>\n<p>&nbsp;<\/p>\n","protected":false},"excerpt":{"rendered":"<p>Voler est l&rsquo;occasion de voir le paysage avec une perspective que l&rsquo;on ne voit pas tous les jours, de voir<\/p>\n","protected":false},"author":2,"featured_media":0,"parent":0,"menu_order":0,"comment_status":"open","ping_status":"open","template":"","meta":{"colormag_page_layout":"default_layout","ngg_post_thumbnail":0,"footnotes":""},"class_list":["post-802","page","type-page","status-publish","hentry"],"_links":{"self":[{"href":"https:\/\/www.ulm-experience.com\/index.php?rest_route=\/wp\/v2\/pages\/802","targetHints":{"allow":["GET"]}}],"collection":[{"href":"https:\/\/www.ulm-experience.com\/index.php?rest_route=\/wp\/v2\/pages"}],"about":[{"href":"https:\/\/www.ulm-experience.com\/index.php?rest_route=\/wp\/v2\/types\/page"}],"author":[{"embeddable":true,"href":"https:\/\/www.ulm-experience.com\/index.php?rest_route=\/wp\/v2\/users\/2"}],"replies":[{"embeddable":true,"href":"https:\/\/www.ulm-experience.com\/index.php?rest_route=%2Fwp%2Fv2%2Fcomments&post=802"}],"version-history":[{"count":0,"href":"https:\/\/www.ulm-experience.com\/index.php?rest_route=\/wp\/v2\/pages\/802\/revisions"}],"wp:attachment":[{"href":"https:\/\/www.ulm-experience.com\/index.php?rest_route=%2Fwp%2Fv2%2Fmedia&parent=802"}],"curies":[{"name":"wp","href":"https:\/\/api.w.org\/{rel}","templated":true}]}}