{"id":443,"date":"2014-04-21T19:15:59","date_gmt":"2014-04-21T18:15:59","guid":{"rendered":"http:\/\/www.ulm-experience.com\/?page_id=443"},"modified":"2014-04-21T19:15:59","modified_gmt":"2014-04-21T18:15:59","slug":"a-propos","status":"publish","type":"page","link":"https:\/\/www.ulm-experience.com\/?page_id=443","title":{"rendered":"A propos"},"content":{"rendered":"<p>Bonjour et bienvenue sur le blog \u00ab\u00a0ULM Exp\u00e9rience\u00a0\u00bb d\u00e9di\u00e9 \u00e0 la pratique de l&rsquo;ULM et de l&rsquo;exp\u00e9rience de ULM.<\/p>\n<h2>ULM Exp\u00e9rience &#8211; Pr\u00e9sentation<\/h2>\n<p>Derri\u00e8re ce blog se cache un couple :\u00a0Brice, le pilote et m\u00e9cano et\u00a0Cath, la passag\u00e8re, photographe et cr\u00e9atrice de ce blog.<\/p>\n<p><img loading=\"lazy\" decoding=\"async\" class=\"alignnone size-full wp-image-235\" style=\"font-size: 1rem; line-height: 1;\" src=\"https:\/\/www.ulm-experience.com\/wp-content\/uploads\/2014\/03\/20140316-Brice-et-Cath\u2013Ballade-LFGP-Irancy-Bourgogne-vue-aerienne-2-1.jpg\" alt=\"\" width=\"800\" height=\"533\" srcset=\"https:\/\/www.ulm-experience.com\/wp-content\/uploads\/2014\/03\/20140316-Brice-et-Cath\u2013Ballade-LFGP-Irancy-Bourgogne-vue-aerienne-2-1.jpg 800w, https:\/\/www.ulm-experience.com\/wp-content\/uploads\/2014\/03\/20140316-Brice-et-Cath\u2013Ballade-LFGP-Irancy-Bourgogne-vue-aerienne-2-1-300x200.jpg 300w, https:\/\/www.ulm-experience.com\/wp-content\/uploads\/2014\/03\/20140316-Brice-et-Cath\u2013Ballade-LFGP-Irancy-Bourgogne-vue-aerienne-2-1-768x512.jpg 768w\" sizes=\"auto, (max-width: 800px) 100vw, 800px\" \/><\/p>\n<p>Nous avons d\u00e9couvert l&rsquo;activit\u00e9 ULM en mai 2013 \u00e0 l&rsquo;occasion d&rsquo;un <a title=\"Bapt\u00eame ULM \u00e0 Air Libre Passion\" href=\"http:\/\/www.ulm-experience.com\/journal\/bapteme-ulm-air-libre-passion\/79\/\">bapt\u00eame en ULM<\/a>. A cette occasion, Brice s&rsquo;est d\u00e9couvert une vraie passion pour l&rsquo;ULM et s&rsquo;est lanc\u00e9 \u00e0 fond dans cette activit\u00e9. Depuis, il a pass\u00e9 son examen th\u00e9orique, a obtenu son brevet de pilote ainsi que son emport passager et nous nous baladons dans notre r\u00e9gion, la Bourgogne, \u00e0 bord de notre <a title=\"Savannah S, notre ULM neuf\" href=\"http:\/\/www.ulm-experience.com\/journal\/savannah-s-notre-ulm-neuf\/82\/\">ULM multiaxe<\/a>. Petit \u00e0 petit, nous nous \u00e9loignons de plus en plus de notre base pour partir \u00e0 la d\u00e9couverte de nouvelles r\u00e9gions et de nouveaux paysages.<\/p>\n<h2>La diversit\u00e9 des pratiques de l&rsquo;ULM<\/h2>\n<p><span style=\"line-height: 1.714285714; font-size: 1rem;\">Il y a \u00a0une multitude de mani\u00e8re de vivre l&rsquo;activit\u00e9 ULM :<\/span><\/p>\n<ul>\n<li>seul, en duo ou en groupe,<\/li>\n<li>en tant que m\u00e9cano, passager, pilote ou simple spectateur,<\/li>\n<li>occasionnellement ou plus r\u00e9guli\u00e8rement,<\/li>\n<li>en simple ballade ou en voyage,<\/li>\n<li>en loisir ou en comp\u00e9tition,<\/li>\n<li>en 3 axes, en pendulaire, en autogire, en h\u00e9licopt\u00e8re,<\/li>\n<li>etc &#8230;<\/li>\n<\/ul>\n<p>Nous allons donc essayer de partager avec vous notre exp\u00e9rience, voire m\u00eame\u00a0<strong>nos exp\u00e9riences de l&rsquo;ULM<\/strong>\u00a0car nous la vivons \u00e0 deux et nous la vivons chacun \u00e0 notre fa\u00e7on.<\/p>\n","protected":false},"excerpt":{"rendered":"<p>Bonjour et bienvenue sur le blog \u00ab\u00a0ULM Exp\u00e9rience\u00a0\u00bb d\u00e9di\u00e9 \u00e0 la pratique de l&rsquo;ULM et de l&rsquo;exp\u00e9rience de ULM. ULM<\/p>\n","protected":false},"author":2,"featured_media":0,"parent":0,"menu_order":0,"comment_status":"open","ping_status":"open","template":"","meta":{"colormag_page_layout":"default_layout","ngg_post_thumbnail":0,"footnotes":""},"class_list":["post-443","page","type-page","status-publish","hentry"],"_links":{"self":[{"href":"https:\/\/www.ulm-experience.com\/index.php?rest_route=\/wp\/v2\/pages\/443","targetHints":{"allow":["GET"]}}],"collection":[{"href":"https:\/\/www.ulm-experience.com\/index.php?rest_route=\/wp\/v2\/pages"}],"about":[{"href":"https:\/\/www.ulm-experience.com\/index.php?rest_route=\/wp\/v2\/types\/page"}],"author":[{"embeddable":true,"href":"https:\/\/www.ulm-experience.com\/index.php?rest_route=\/wp\/v2\/users\/2"}],"replies":[{"embeddable":true,"href":"https:\/\/www.ulm-experience.com\/index.php?rest_route=%2Fwp%2Fv2%2Fcomments&post=443"}],"version-history":[{"count":0,"href":"https:\/\/www.ulm-experience.com\/index.php?rest_route=\/wp\/v2\/pages\/443\/revisions"}],"wp:attachment":[{"href":"https:\/\/www.ulm-experience.com\/index.php?rest_route=%2Fwp%2Fv2%2Fmedia&parent=443"}],"curies":[{"name":"wp","href":"https:\/\/api.w.org\/{rel}","templated":true}]}}