{"id":351,"date":"2015-08-20T11:12:44","date_gmt":"2015-08-20T10:12:44","guid":{"rendered":"http:\/\/www.ulm-experience.com\/?page_id=351"},"modified":"2015-08-20T11:12:44","modified_gmt":"2015-08-20T10:12:44","slug":"les-pistes-ulm-visitees","status":"publish","type":"page","link":"https:\/\/www.ulm-experience.com\/?page_id=351","title":{"rendered":"Les pistes ULM que nous avons visit\u00e9es"},"content":{"rendered":"<p>Dans cette page, nous partageons avec vous la carte la liste des pistes ULM que nous avons visit\u00e9es, soit pour un simple survol, un touch\u00e9 ou une visite plus longue. Elle\u00a0sera mise \u00e0 jour au fur et \u00e0 mesure de nos d\u00e9couvertes.<\/p>\n<p>&nbsp;<\/p>\n<p><iframe loading=\"lazy\" src=\"https:\/\/www.google.com\/maps\/d\/embed?mid=za7mPsb-eIJg.kAWBOMdpbcKM\" width=\"640\" height=\"480\"><\/iframe><\/p>\n<p>Sans surprise, pour le moment, les pistes ULM en questions sont proches de notre point de d\u00e9part, la base de Saint-Florentin.<\/p>\n<p>Les plus \u00e9videntes sont \u00a0:<\/p>\n<ul>\n<li>LFGO, l&rsquo;a\u00e9rodrome de Pont-sur-Yonne ( Yonne, Bourgogne ) :\u00a0nous y avons fait notre <a title=\"Bapt\u00eame ULM \u00e0 Air Libre Passion\" href=\"http:\/\/www.ulm-experience.com\/journal\/bapteme-ulm-air-libre-passion\/79\/\">bapt\u00eame en ULM,<\/a>\u00a0Brice y a fait son \u00e9colage et j&rsquo;y fais actuellement le mien<\/li>\n<li>LFQF, l&rsquo;a\u00e9roport d&rsquo;Autun Bellevue (\u00a0Sa\u00f4ne et Loire, Bourgogne ) : je n&rsquo;ai pas encore visit\u00e9 cette piste mais Brice y a fait un touch\u00e9 pendant son \u00e9colage<\/li>\n<li>LFEV, l&rsquo;<a href=\"http:\/\/www.ulm-experience.com\/journal\/initiation-navigation-ulm\/387\/\">a\u00e9rodr\u00f4me de Gray<\/a> (\u00a0Haute-Sa\u00f4ne, Franche-Comt\u00e9 ) : base du revendeur ICP aupr\u00e8s duquel nous avons achet\u00e9 notre Savannah S<\/li>\n<li>LFGP, l&rsquo;a\u00e9rodrome de Sain-Florentin Ch\u00e9u (\u00a0Yonne, Bourgogne )<\/li>\n<\/ul>\n<p>Et pour les ballades, pour le moment, nous avons fait des visit\u00e9 les pistes \u00a0:<\/p>\n<ul>\n<li>LFGQ, l&rsquo;a\u00e9roport de Semur en Auxois (\u00a0C\u00f4te d&rsquo;Or, Bourgogne ) pour une pause lors de notre premier vol en formation<\/li>\n<li>LFGE, l&rsquo;a\u00e9roport d&rsquo;Avallon (\u00a0Yonne, Bourgogne )<\/li>\n<li>LFET, l&rsquo;a\u00e9rodrome de Til-Ch\u00e2tel (\u00a0C\u00f4te d&rsquo;Or, Bourgogne )<\/li>\n<li>LFLA, l&rsquo;a\u00e9roport d&rsquo;Auxerre &#8211; Branches (\u00a0Yonne, Bourgogne )<\/li>\n<li>LFQB, l&rsquo;a\u00e9roport de Troyes &#8211; Barberey (\u00a0Aube, Champagne Ardenne )<\/li>\n<\/ul>\n<p>Mise \u00e0 jour du 08\/06\/2014 :<\/p>\n<ul>\n<li>LFEW, A\u00e9rodrome de Saulieu &#8211; Liernais ( C\u00f4t\u00e9 d&rsquo;or, Bourgogne )<\/li>\n<li>LFFX, <a href=\"http:\/\/www.ulm-experience.com\/journal\/rendez-en-ulm-tournus\/622\/\">A\u00e9rodrome de Tournus &#8211; Cuisery<\/a> ( Sa\u00f4ne et Loire, Bourgogne )<\/li>\n<\/ul>\n<p>Mise \u00e0 jour du 20\/08\/2015 :<\/p>\n<ul>\n<li>LFPU &#8211; A\u00e9rodr\u00f4me de Moret Episy (\u00a0Seine-et-Marne, Ile-de-France )<\/li>\n<li>LFAI &#8211; A\u00e9rodr\u00f4me de Nangis Les Loges\u00a0(\u00a0Seine-et-Marne, Ile-de-France )<\/li>\n<li>LFGK &#8211; A\u00e9rodrome de Joigny (\u00a0Yonne, Bourgogne )<\/li>\n<li>LF4131, La piste priv\u00e9e de <a href=\"http:\/\/www.ulm-experience.com\/journal\/rassemblement-ulm-a-vouzon-le-rabot-lf4131\/1070\/\">Vouzon-Le-Rabot<\/a> ( Loir-et-Cher, Centre-Val de Loire )<\/li>\n<li>LFGM, <a href=\"http:\/\/www.ulm-experience.com\/journal\/montceau-les-mines-pouilloux-lfgm\/1193\/\">A\u00e9rodrome de Montceau-les-Mines &#8211; Pouilloux<\/a> ( Sa\u00f4ne et Loire, Bourgogne )<\/li>\n<\/ul>\n<p>Mise \u00e0 jour du 18\/10\/2015<\/p>\n<ul>\n<li>\n<div>LFEI &#8211; A\u00e9rodrome de Briare-Chatillon ( Loiret, Centre-Val de Loire ) que nous avons d\u00e9j\u00e0 survol\u00e9 plusieurs fois<\/div>\n<\/li>\n<li>LF3651 &#8211;\u00a0Base ULM de Reuilly (\u00a0Indre, Centre-Val de Loire )<\/li>\n<li>LFEG &#8211; A\u00e9rodrome d&rsquo;Argenton-sur-Creuse\u00a0(\u00a0Indre, Centre-Val de Loire )<\/li>\n<li>LFIY &#8211; \u00a0A\u00e9rodrome de Saint-Jean-d\u2019Ang\u00e9ly\u00a0(\u00a0Charente-Maritime, \u00a0Poitou-Charentes\u00a0)<\/li>\n<li>LFDP &#8211; A\u00e9rodrome de Saint-Pierre-d\u2019Ol\u00e9ron (\u00a0Charente-Maritime, \u00a0Poitou-Charentes\u00a0)<\/li>\n<li>LFDK &#8211;\u00a0A\u00e9rodrome de Soulac-sur-Mer ( Gironde, Aquitaine )<\/li>\n<li>LF8955 &#8211;\u00a0Base ULM de\u00a0Saint Fargeau\u00a0(\u00a0Yonne, Bourgogne )<\/li>\n<li>LF7756 &#8211; Piste priv\u00e9e de Bazoches les Bray\u00a0(\u00a0Yonne, Bourgogne ) pour des tours piste<\/li>\n<\/ul>\n","protected":false},"excerpt":{"rendered":"<p>Dans cette page, nous partageons avec vous la carte la liste des pistes ULM que nous avons visit\u00e9es, soit pour<\/p>\n","protected":false},"author":2,"featured_media":0,"parent":0,"menu_order":0,"comment_status":"open","ping_status":"open","template":"","meta":{"colormag_page_layout":"default_layout","ngg_post_thumbnail":0,"footnotes":""},"class_list":["post-351","page","type-page","status-publish","hentry"],"_links":{"self":[{"href":"https:\/\/www.ulm-experience.com\/index.php?rest_route=\/wp\/v2\/pages\/351","targetHints":{"allow":["GET"]}}],"collection":[{"href":"https:\/\/www.ulm-experience.com\/index.php?rest_route=\/wp\/v2\/pages"}],"about":[{"href":"https:\/\/www.ulm-experience.com\/index.php?rest_route=\/wp\/v2\/types\/page"}],"author":[{"embeddable":true,"href":"https:\/\/www.ulm-experience.com\/index.php?rest_route=\/wp\/v2\/users\/2"}],"replies":[{"embeddable":true,"href":"https:\/\/www.ulm-experience.com\/index.php?rest_route=%2Fwp%2Fv2%2Fcomments&post=351"}],"version-history":[{"count":0,"href":"https:\/\/www.ulm-experience.com\/index.php?rest_route=\/wp\/v2\/pages\/351\/revisions"}],"wp:attachment":[{"href":"https:\/\/www.ulm-experience.com\/index.php?rest_route=%2Fwp%2Fv2%2Fmedia&parent=351"}],"curies":[{"name":"wp","href":"https:\/\/api.w.org\/{rel}","templated":true}]}}