{"id":1158,"date":"2015-04-26T18:12:11","date_gmt":"2015-04-26T17:12:11","guid":{"rendered":"http:\/\/www.ulm-experience.com\/photos\/rassemblement-ulm-lf4131-vouzon-le-rabot\/"},"modified":"2015-04-26T18:12:11","modified_gmt":"2015-04-26T17:12:11","slug":"rassemblement-ulm-lf4131-vouzon-le-rabot","status":"publish","type":"page","link":"https:\/\/www.ulm-experience.com\/?page_id=1158","title":{"rendered":"Rassemblement ULM LF4131 Vouzon le rabot"},"content":{"rendered":"<p><!-- default-view.php -->\n<div\n\tclass=\"ngg-galleryoverview default-view\n\t ngg-ajax-pagination-none\t\"\n\tid=\"ngg-gallery-c5526b9bd7c9e81481303ae1afbafd5a-1\">\n\n\t\t<!-- Thumbnails -->\n\t\t\t\t<div id=\"ngg-image-0\" class=\"ngg-gallery-thumbnail-box\n\t\t\t\t\t\t\t\t\t\t\t\"\n\t\t\t>\n\t\t\t\t\t\t<div class=\"ngg-gallery-thumbnail\">\n\t\t\t<a href=\"https:\/\/www.ulm-experience.com\/wp-content\/gallery\/rassemblement-ulm-lf4131-vouzon-le-rabot\/ULM-Vue-aerienne-au-dessus-des-nuages-20150412-072606.JPG\"\n\t\t\t\ttitle=\"Vue a\u00e9rienne ULM au dessus des nuages\"\n\t\t\t\tdata-src=\"https:\/\/www.ulm-experience.com\/wp-content\/gallery\/rassemblement-ulm-lf4131-vouzon-le-rabot\/ULM-Vue-aerienne-au-dessus-des-nuages-20150412-072606.JPG\"\n\t\t\t\tdata-thumbnail=\"https:\/\/www.ulm-experience.com\/wp-content\/gallery\/rassemblement-ulm-lf4131-vouzon-le-rabot\/thumbs\/thumbs_ULM-Vue-aerienne-au-dessus-des-nuages-20150412-072606.JPG\"\n\t\t\t\tdata-image-id=\"68\"\n\t\t\t\tdata-title=\"ULM - Vue a\u00e9rienne\"\n\t\t\t\tdata-description=\"Vue a\u00e9rienne ULM au dessus des nuages\"\n\t\t\t\tdata-image-slug=\"ulm-vue-aerienne-au-dessus-des-nuages-20150412-072606\"\n\t\t\t\tclass=\"ngg-simplelightbox\" rel=\"c5526b9bd7c9e81481303ae1afbafd5a\">\n\t\t\t\t<img\n\t\t\t\t\ttitle=\"ULM - Vue a\u00e9rienne\"\n\t\t\t\t\talt=\"ULM - Vue a\u00e9rienne\"\n\t\t\t\t\tsrc=\"https:\/\/www.ulm-experience.com\/wp-content\/gallery\/rassemblement-ulm-lf4131-vouzon-le-rabot\/thumbs\/thumbs_ULM-Vue-aerienne-au-dessus-des-nuages-20150412-072606.JPG\"\n\t\t\t\t\twidth=\"120\"\n\t\t\t\t\theight=\"90\"\n\t\t\t\t\tstyle=\"max-width:100%;\"\n\t\t\t\t\/>\n\t\t\t<\/a>\n\t\t<\/div>\n\t\t\t\t\t\t\t<\/div>\n\t\t\t\n\t\t\t\t<div id=\"ngg-image-1\" class=\"ngg-gallery-thumbnail-box\n\t\t\t\t\t\t\t\t\t\t\t\"\n\t\t\t>\n\t\t\t\t\t\t<div class=\"ngg-gallery-thumbnail\">\n\t\t\t<a href=\"https:\/\/www.ulm-experience.com\/wp-content\/gallery\/rassemblement-ulm-lf4131-vouzon-le-rabot\/ULM-Vue-aerienne-au-dessus-des-nuages-20150412-072829.JPG\"\n\t\t\t\ttitle=\"Vue a\u00e9rienne ULM au dessus des nuages\"\n\t\t\t\tdata-src=\"https:\/\/www.ulm-experience.com\/wp-content\/gallery\/rassemblement-ulm-lf4131-vouzon-le-rabot\/ULM-Vue-aerienne-au-dessus-des-nuages-20150412-072829.JPG\"\n\t\t\t\tdata-thumbnail=\"https:\/\/www.ulm-experience.com\/wp-content\/gallery\/rassemblement-ulm-lf4131-vouzon-le-rabot\/thumbs\/thumbs_ULM-Vue-aerienne-au-dessus-des-nuages-20150412-072829.JPG\"\n\t\t\t\tdata-image-id=\"69\"\n\t\t\t\tdata-title=\"ULM - Vue a\u00e9rienne au dessus des nuages\"\n\t\t\t\tdata-description=\"Vue a\u00e9rienne ULM au dessus des nuages\"\n\t\t\t\tdata-image-slug=\"ulm-vue-aerienne-au-dessus-des-nuages-20150412-072829\"\n\t\t\t\tclass=\"ngg-simplelightbox\" rel=\"c5526b9bd7c9e81481303ae1afbafd5a\">\n\t\t\t\t<img\n\t\t\t\t\ttitle=\"ULM - Vue a\u00e9rienne au dessus des nuages\"\n\t\t\t\t\talt=\"ULM - Vue a\u00e9rienne au dessus des nuages\"\n\t\t\t\t\tsrc=\"https:\/\/www.ulm-experience.com\/wp-content\/gallery\/rassemblement-ulm-lf4131-vouzon-le-rabot\/thumbs\/thumbs_ULM-Vue-aerienne-au-dessus-des-nuages-20150412-072829.JPG\"\n\t\t\t\t\twidth=\"120\"\n\t\t\t\t\theight=\"90\"\n\t\t\t\t\tstyle=\"max-width:100%;\"\n\t\t\t\t\/>\n\t\t\t<\/a>\n\t\t<\/div>\n\t\t\t\t\t\t\t<\/div>\n\t\t\t\n\t\t\t\t<div id=\"ngg-image-2\" class=\"ngg-gallery-thumbnail-box\n\t\t\t\t\t\t\t\t\t\t\t\"\n\t\t\t>\n\t\t\t\t\t\t<div class=\"ngg-gallery-thumbnail\">\n\t\t\t<a href=\"https:\/\/www.ulm-experience.com\/wp-content\/gallery\/rassemblement-ulm-lf4131-vouzon-le-rabot\/ULM-LFLA-Auxerre-Branches-Vue-aerienne-nuages-20150412.JPG\"\n\t\t\t\ttitle=\"Vue a\u00e9rienne de l&#039;a\u00e9roport d&#039;Auxerre Branche\"\n\t\t\t\tdata-src=\"https:\/\/www.ulm-experience.com\/wp-content\/gallery\/rassemblement-ulm-lf4131-vouzon-le-rabot\/ULM-LFLA-Auxerre-Branches-Vue-aerienne-nuages-20150412.JPG\"\n\t\t\t\tdata-thumbnail=\"https:\/\/www.ulm-experience.com\/wp-content\/gallery\/rassemblement-ulm-lf4131-vouzon-le-rabot\/thumbs\/thumbs_ULM-LFLA-Auxerre-Branches-Vue-aerienne-nuages-20150412.JPG\"\n\t\t\t\tdata-image-id=\"67\"\n\t\t\t\tdata-title=\"ULM - LFLA - Auxerre-Branches\"\n\t\t\t\tdata-description=\"Vue a\u00e9rienne de l&#039;a\u00e9roport d&#039;Auxerre Branche\"\n\t\t\t\tdata-image-slug=\"ulm-lfla-auxerre-branches-vue-aerienne-nuages-20150412\"\n\t\t\t\tclass=\"ngg-simplelightbox\" rel=\"c5526b9bd7c9e81481303ae1afbafd5a\">\n\t\t\t\t<img\n\t\t\t\t\ttitle=\"ULM - LFLA - Auxerre-Branches\"\n\t\t\t\t\talt=\"ULM - LFLA - Auxerre-Branches\"\n\t\t\t\t\tsrc=\"https:\/\/www.ulm-experience.com\/wp-content\/gallery\/rassemblement-ulm-lf4131-vouzon-le-rabot\/thumbs\/thumbs_ULM-LFLA-Auxerre-Branches-Vue-aerienne-nuages-20150412.JPG\"\n\t\t\t\t\twidth=\"120\"\n\t\t\t\t\theight=\"90\"\n\t\t\t\t\tstyle=\"max-width:100%;\"\n\t\t\t\t\/>\n\t\t\t<\/a>\n\t\t<\/div>\n\t\t\t\t\t\t\t<\/div>\n\t\t\t\n\t\t\t\t<div id=\"ngg-image-3\" class=\"ngg-gallery-thumbnail-box\n\t\t\t\t\t\t\t\t\t\t\t\"\n\t\t\t>\n\t\t\t\t\t\t<div class=\"ngg-gallery-thumbnail\">\n\t\t\t<a href=\"https:\/\/www.ulm-experience.com\/wp-content\/gallery\/rassemblement-ulm-lf4131-vouzon-le-rabot\/ULM-Vue-aerienne-loire-centrale-nucleaire-dampierre-en-burly-20150412-075840.JPG\"\n\t\t\t\ttitle=\"Vue a\u00e9rienne de la loire et, au loin, la centrale nucl\u00e9aire de Dampierre en Burly\"\n\t\t\t\tdata-src=\"https:\/\/www.ulm-experience.com\/wp-content\/gallery\/rassemblement-ulm-lf4131-vouzon-le-rabot\/ULM-Vue-aerienne-loire-centrale-nucleaire-dampierre-en-burly-20150412-075840.JPG\"\n\t\t\t\tdata-thumbnail=\"https:\/\/www.ulm-experience.com\/wp-content\/gallery\/rassemblement-ulm-lf4131-vouzon-le-rabot\/thumbs\/thumbs_ULM-Vue-aerienne-loire-centrale-nucleaire-dampierre-en-burly-20150412-075840.JPG\"\n\t\t\t\tdata-image-id=\"72\"\n\t\t\t\tdata-title=\"ULM - Vue a\u00e9rienne de la Loire\"\n\t\t\t\tdata-description=\"Vue a\u00e9rienne de la loire et, au loin, la centrale nucl\u00e9aire de Dampierre en Burly\"\n\t\t\t\tdata-image-slug=\"ulm-vue-aerienne-loire-centrale-nucleaire-dampierre-en-burly-20150412-075840\"\n\t\t\t\tclass=\"ngg-simplelightbox\" rel=\"c5526b9bd7c9e81481303ae1afbafd5a\">\n\t\t\t\t<img\n\t\t\t\t\ttitle=\"ULM - Vue a\u00e9rienne de la Loire\"\n\t\t\t\t\talt=\"ULM - Vue a\u00e9rienne de la Loire\"\n\t\t\t\t\tsrc=\"https:\/\/www.ulm-experience.com\/wp-content\/gallery\/rassemblement-ulm-lf4131-vouzon-le-rabot\/thumbs\/thumbs_ULM-Vue-aerienne-loire-centrale-nucleaire-dampierre-en-burly-20150412-075840.JPG\"\n\t\t\t\t\twidth=\"120\"\n\t\t\t\t\theight=\"90\"\n\t\t\t\t\tstyle=\"max-width:100%;\"\n\t\t\t\t\/>\n\t\t\t<\/a>\n\t\t<\/div>\n\t\t\t\t\t\t\t<\/div>\n\t\t\t\n\t\t\t\t<div id=\"ngg-image-4\" class=\"ngg-gallery-thumbnail-box\n\t\t\t\t\t\t\t\t\t\t\t\"\n\t\t\t>\n\t\t\t\t\t\t<div class=\"ngg-gallery-thumbnail\">\n\t\t\t<a href=\"https:\/\/www.ulm-experience.com\/wp-content\/gallery\/rassemblement-ulm-lf4131-vouzon-le-rabot\/ULM-LF4131-Vouzon-Le-Rabot-vue-aerienne-piste-20150412-081805.JPG\"\n\t\t\t\ttitle=\"Vue a\u00e9rienne de la piste de Vouzon-Le-Rabot LF4131\"\n\t\t\t\tdata-src=\"https:\/\/www.ulm-experience.com\/wp-content\/gallery\/rassemblement-ulm-lf4131-vouzon-le-rabot\/ULM-LF4131-Vouzon-Le-Rabot-vue-aerienne-piste-20150412-081805.JPG\"\n\t\t\t\tdata-thumbnail=\"https:\/\/www.ulm-experience.com\/wp-content\/gallery\/rassemblement-ulm-lf4131-vouzon-le-rabot\/thumbs\/thumbs_ULM-LF4131-Vouzon-Le-Rabot-vue-aerienne-piste-20150412-081805.JPG\"\n\t\t\t\tdata-image-id=\"66\"\n\t\t\t\tdata-title=\"ULM - LF4131 - Vouzon-Le-Rabot\"\n\t\t\t\tdata-description=\"Vue a\u00e9rienne de la piste de Vouzon-Le-Rabot LF4131\"\n\t\t\t\tdata-image-slug=\"ulm-lf4131-vouzon-le-rabot-vue-aerienne-piste-20150412-081805\"\n\t\t\t\tclass=\"ngg-simplelightbox\" rel=\"c5526b9bd7c9e81481303ae1afbafd5a\">\n\t\t\t\t<img\n\t\t\t\t\ttitle=\"ULM - LF4131 - Vouzon-Le-Rabot\"\n\t\t\t\t\talt=\"ULM - LF4131 - Vouzon-Le-Rabot\"\n\t\t\t\t\tsrc=\"https:\/\/www.ulm-experience.com\/wp-content\/gallery\/rassemblement-ulm-lf4131-vouzon-le-rabot\/thumbs\/thumbs_ULM-LF4131-Vouzon-Le-Rabot-vue-aerienne-piste-20150412-081805.JPG\"\n\t\t\t\t\twidth=\"120\"\n\t\t\t\t\theight=\"90\"\n\t\t\t\t\tstyle=\"max-width:100%;\"\n\t\t\t\t\/>\n\t\t\t<\/a>\n\t\t<\/div>\n\t\t\t\t\t\t\t<\/div>\n\t\t\t\n\t\t\t\t<div id=\"ngg-image-5\" class=\"ngg-gallery-thumbnail-box\n\t\t\t\t\t\t\t\t\t\t\t\"\n\t\t\t>\n\t\t\t\t\t\t<div class=\"ngg-gallery-thumbnail\">\n\t\t\t<a href=\"https:\/\/www.ulm-experience.com\/wp-content\/gallery\/rassemblement-ulm-lf4131-vouzon-le-rabot\/ULM-LF4131-Vouzon-Le-Rabot-20150412-105729.JPG\"\n\t\t\t\ttitle=\"Rassemblement ULM \u00e0 Vouzon-Le-Rabot LF4131\"\n\t\t\t\tdata-src=\"https:\/\/www.ulm-experience.com\/wp-content\/gallery\/rassemblement-ulm-lf4131-vouzon-le-rabot\/ULM-LF4131-Vouzon-Le-Rabot-20150412-105729.JPG\"\n\t\t\t\tdata-thumbnail=\"https:\/\/www.ulm-experience.com\/wp-content\/gallery\/rassemblement-ulm-lf4131-vouzon-le-rabot\/thumbs\/thumbs_ULM-LF4131-Vouzon-Le-Rabot-20150412-105729.JPG\"\n\t\t\t\tdata-image-id=\"60\"\n\t\t\t\tdata-title=\"Rassemblement ULM - LF4131 - Vouzon-Le-Rabot\"\n\t\t\t\tdata-description=\"Rassemblement ULM \u00e0 Vouzon-Le-Rabot LF4131\"\n\t\t\t\tdata-image-slug=\"ulm-lf4131-vouzon-le-rabot-20150412-105729\"\n\t\t\t\tclass=\"ngg-simplelightbox\" rel=\"c5526b9bd7c9e81481303ae1afbafd5a\">\n\t\t\t\t<img\n\t\t\t\t\ttitle=\"Rassemblement ULM - LF4131 - Vouzon-Le-Rabot\"\n\t\t\t\t\talt=\"Rassemblement ULM - LF4131 - Vouzon-Le-Rabot\"\n\t\t\t\t\tsrc=\"https:\/\/www.ulm-experience.com\/wp-content\/gallery\/rassemblement-ulm-lf4131-vouzon-le-rabot\/thumbs\/thumbs_ULM-LF4131-Vouzon-Le-Rabot-20150412-105729.JPG\"\n\t\t\t\t\twidth=\"120\"\n\t\t\t\t\theight=\"90\"\n\t\t\t\t\tstyle=\"max-width:100%;\"\n\t\t\t\t\/>\n\t\t\t<\/a>\n\t\t<\/div>\n\t\t\t\t\t\t\t<\/div>\n\t\t\t\n\t\t\t\t<div id=\"ngg-image-6\" class=\"ngg-gallery-thumbnail-box\n\t\t\t\t\t\t\t\t\t\t\t\"\n\t\t\t>\n\t\t\t\t\t\t<div class=\"ngg-gallery-thumbnail\">\n\t\t\t<a href=\"https:\/\/www.ulm-experience.com\/wp-content\/gallery\/rassemblement-ulm-lf4131-vouzon-le-rabot\/ULM-LF4131-Vouzon-Le-Rabot-20150412-093050.JPG\"\n\t\t\t\ttitle=\"D\u00e9collage d&#039;un ULM blanc sur la piste priv\u00e9e de Vouzon-Le-Rabot LF4131\"\n\t\t\t\tdata-src=\"https:\/\/www.ulm-experience.com\/wp-content\/gallery\/rassemblement-ulm-lf4131-vouzon-le-rabot\/ULM-LF4131-Vouzon-Le-Rabot-20150412-093050.JPG\"\n\t\t\t\tdata-thumbnail=\"https:\/\/www.ulm-experience.com\/wp-content\/gallery\/rassemblement-ulm-lf4131-vouzon-le-rabot\/thumbs\/thumbs_ULM-LF4131-Vouzon-Le-Rabot-20150412-093050.JPG\"\n\t\t\t\tdata-image-id=\"58\"\n\t\t\t\tdata-title=\"ULM - LF4131 - Vouzon-Le-Rabot\"\n\t\t\t\tdata-description=\"D\u00e9collage d&#039;un ULM blanc sur la piste priv\u00e9e de Vouzon-Le-Rabot LF4131\"\n\t\t\t\tdata-image-slug=\"ulm-lf4131-vouzon-le-rabot-20150412-093050\"\n\t\t\t\tclass=\"ngg-simplelightbox\" rel=\"c5526b9bd7c9e81481303ae1afbafd5a\">\n\t\t\t\t<img\n\t\t\t\t\ttitle=\"ULM - LF4131 - Vouzon-Le-Rabot\"\n\t\t\t\t\talt=\"ULM - LF4131 - Vouzon-Le-Rabot\"\n\t\t\t\t\tsrc=\"https:\/\/www.ulm-experience.com\/wp-content\/gallery\/rassemblement-ulm-lf4131-vouzon-le-rabot\/thumbs\/thumbs_ULM-LF4131-Vouzon-Le-Rabot-20150412-093050.JPG\"\n\t\t\t\t\twidth=\"120\"\n\t\t\t\t\theight=\"90\"\n\t\t\t\t\tstyle=\"max-width:100%;\"\n\t\t\t\t\/>\n\t\t\t<\/a>\n\t\t<\/div>\n\t\t\t\t\t\t\t<\/div>\n\t\t\t\n\t\t\t\t<div id=\"ngg-image-7\" class=\"ngg-gallery-thumbnail-box\n\t\t\t\t\t\t\t\t\t\t\t\"\n\t\t\t>\n\t\t\t\t\t\t<div class=\"ngg-gallery-thumbnail\">\n\t\t\t<a href=\"https:\/\/www.ulm-experience.com\/wp-content\/gallery\/rassemblement-ulm-lf4131-vouzon-le-rabot\/ULM-LF4131-Vouzon-Le-Rabot-20150412-094001.JPG\"\n\t\t\t\ttitle=\"Arriv\u00e9e d&#039;un ULM S7 jaune sur la piste priv\u00e9e de Vouzon-Le-Rabot LF4131\"\n\t\t\t\tdata-src=\"https:\/\/www.ulm-experience.com\/wp-content\/gallery\/rassemblement-ulm-lf4131-vouzon-le-rabot\/ULM-LF4131-Vouzon-Le-Rabot-20150412-094001.JPG\"\n\t\t\t\tdata-thumbnail=\"https:\/\/www.ulm-experience.com\/wp-content\/gallery\/rassemblement-ulm-lf4131-vouzon-le-rabot\/thumbs\/thumbs_ULM-LF4131-Vouzon-Le-Rabot-20150412-094001.JPG\"\n\t\t\t\tdata-image-id=\"59\"\n\t\t\t\tdata-title=\"ULM - LF4131 - Vouzon-Le-Rabot\"\n\t\t\t\tdata-description=\"Arriv\u00e9e d&#039;un ULM S7 jaune sur la piste priv\u00e9e de Vouzon-Le-Rabot LF4131\"\n\t\t\t\tdata-image-slug=\"ulm-lf4131-vouzon-le-rabot-20150412-094001\"\n\t\t\t\tclass=\"ngg-simplelightbox\" rel=\"c5526b9bd7c9e81481303ae1afbafd5a\">\n\t\t\t\t<img\n\t\t\t\t\ttitle=\"ULM - LF4131 - Vouzon-Le-Rabot\"\n\t\t\t\t\talt=\"ULM - LF4131 - Vouzon-Le-Rabot\"\n\t\t\t\t\tsrc=\"https:\/\/www.ulm-experience.com\/wp-content\/gallery\/rassemblement-ulm-lf4131-vouzon-le-rabot\/thumbs\/thumbs_ULM-LF4131-Vouzon-Le-Rabot-20150412-094001.JPG\"\n\t\t\t\t\twidth=\"120\"\n\t\t\t\t\theight=\"90\"\n\t\t\t\t\tstyle=\"max-width:100%;\"\n\t\t\t\t\/>\n\t\t\t<\/a>\n\t\t<\/div>\n\t\t\t\t\t\t\t<\/div>\n\t\t\t\n\t\t\t\t<div id=\"ngg-image-8\" class=\"ngg-gallery-thumbnail-box\n\t\t\t\t\t\t\t\t\t\t\t\"\n\t\t\t>\n\t\t\t\t\t\t<div class=\"ngg-gallery-thumbnail\">\n\t\t\t<a href=\"https:\/\/www.ulm-experience.com\/wp-content\/gallery\/rassemblement-ulm-lf4131-vouzon-le-rabot\/ULM-LF4131-Vouzon-Le-Rabot-20150412-114115.JPG\"\n\t\t\t\ttitle=\"D\u00e9tente sous l&#039;aile \u00e0 Vouzon-Le-Rabot LF4131\"\n\t\t\t\tdata-src=\"https:\/\/www.ulm-experience.com\/wp-content\/gallery\/rassemblement-ulm-lf4131-vouzon-le-rabot\/ULM-LF4131-Vouzon-Le-Rabot-20150412-114115.JPG\"\n\t\t\t\tdata-thumbnail=\"https:\/\/www.ulm-experience.com\/wp-content\/gallery\/rassemblement-ulm-lf4131-vouzon-le-rabot\/thumbs\/thumbs_ULM-LF4131-Vouzon-Le-Rabot-20150412-114115.JPG\"\n\t\t\t\tdata-image-id=\"61\"\n\t\t\t\tdata-title=\"ULM - D\u00e9tente sous l&#039;aile\"\n\t\t\t\tdata-description=\"D\u00e9tente sous l&#039;aile \u00e0 Vouzon-Le-Rabot LF4131\"\n\t\t\t\tdata-image-slug=\"ulm-lf4131-vouzon-le-rabot-20150412-114115\"\n\t\t\t\tclass=\"ngg-simplelightbox\" rel=\"c5526b9bd7c9e81481303ae1afbafd5a\">\n\t\t\t\t<img\n\t\t\t\t\ttitle=\"ULM - D\u00e9tente sous l&#039;aile\"\n\t\t\t\t\talt=\"ULM - D\u00e9tente sous l&#039;aile\"\n\t\t\t\t\tsrc=\"https:\/\/www.ulm-experience.com\/wp-content\/gallery\/rassemblement-ulm-lf4131-vouzon-le-rabot\/thumbs\/thumbs_ULM-LF4131-Vouzon-Le-Rabot-20150412-114115.JPG\"\n\t\t\t\t\twidth=\"120\"\n\t\t\t\t\theight=\"90\"\n\t\t\t\t\tstyle=\"max-width:100%;\"\n\t\t\t\t\/>\n\t\t\t<\/a>\n\t\t<\/div>\n\t\t\t\t\t\t\t<\/div>\n\t\t\t\n\t\t\t\t<div id=\"ngg-image-9\" class=\"ngg-gallery-thumbnail-box\n\t\t\t\t\t\t\t\t\t\t\t\"\n\t\t\t>\n\t\t\t\t\t\t<div class=\"ngg-gallery-thumbnail\">\n\t\t\t<a href=\"https:\/\/www.ulm-experience.com\/wp-content\/gallery\/rassemblement-ulm-lf4131-vouzon-le-rabot\/ULM-LF4131-Vouzon-Le-Rabot-20150412-123439.JPG\"\n\t\t\t\ttitle=\"ULM - LF4131 - Vouzon-Le-Rabot\"\n\t\t\t\tdata-src=\"https:\/\/www.ulm-experience.com\/wp-content\/gallery\/rassemblement-ulm-lf4131-vouzon-le-rabot\/ULM-LF4131-Vouzon-Le-Rabot-20150412-123439.JPG\"\n\t\t\t\tdata-thumbnail=\"https:\/\/www.ulm-experience.com\/wp-content\/gallery\/rassemblement-ulm-lf4131-vouzon-le-rabot\/thumbs\/thumbs_ULM-LF4131-Vouzon-Le-Rabot-20150412-123439.JPG\"\n\t\t\t\tdata-image-id=\"62\"\n\t\t\t\tdata-title=\"ULM - LF4131 - Vouzon-Le-Rabot\"\n\t\t\t\tdata-description=\"ULM - LF4131 - Vouzon-Le-Rabot\"\n\t\t\t\tdata-image-slug=\"ulm-lf4131-vouzon-le-rabot-20150412-123439\"\n\t\t\t\tclass=\"ngg-simplelightbox\" rel=\"c5526b9bd7c9e81481303ae1afbafd5a\">\n\t\t\t\t<img\n\t\t\t\t\ttitle=\"ULM - LF4131 - Vouzon-Le-Rabot\"\n\t\t\t\t\talt=\"ULM - LF4131 - Vouzon-Le-Rabot\"\n\t\t\t\t\tsrc=\"https:\/\/www.ulm-experience.com\/wp-content\/gallery\/rassemblement-ulm-lf4131-vouzon-le-rabot\/thumbs\/thumbs_ULM-LF4131-Vouzon-Le-Rabot-20150412-123439.JPG\"\n\t\t\t\t\twidth=\"120\"\n\t\t\t\t\theight=\"90\"\n\t\t\t\t\tstyle=\"max-width:100%;\"\n\t\t\t\t\/>\n\t\t\t<\/a>\n\t\t<\/div>\n\t\t\t\t\t\t\t<\/div>\n\t\t\t\n\t\t\t\t<div id=\"ngg-image-10\" class=\"ngg-gallery-thumbnail-box\n\t\t\t\t\t\t\t\t\t\t\t\"\n\t\t\t>\n\t\t\t\t\t\t<div class=\"ngg-gallery-thumbnail\">\n\t\t\t<a href=\"https:\/\/www.ulm-experience.com\/wp-content\/gallery\/rassemblement-ulm-lf4131-vouzon-le-rabot\/ULM-LF4131-Vouzon-Le-Rabot-20150412-123804.JPG\"\n\t\t\t\ttitle=\"ULM bi-plan \u00e0 Vouzon-Le-Rabot LF4131\"\n\t\t\t\tdata-src=\"https:\/\/www.ulm-experience.com\/wp-content\/gallery\/rassemblement-ulm-lf4131-vouzon-le-rabot\/ULM-LF4131-Vouzon-Le-Rabot-20150412-123804.JPG\"\n\t\t\t\tdata-thumbnail=\"https:\/\/www.ulm-experience.com\/wp-content\/gallery\/rassemblement-ulm-lf4131-vouzon-le-rabot\/thumbs\/thumbs_ULM-LF4131-Vouzon-Le-Rabot-20150412-123804.JPG\"\n\t\t\t\tdata-image-id=\"63\"\n\t\t\t\tdata-title=\"ULM - LF4131 - Vouzon-Le-Rabot\"\n\t\t\t\tdata-description=\"ULM bi-plan \u00e0 Vouzon-Le-Rabot LF4131\"\n\t\t\t\tdata-image-slug=\"ulm-lf4131-vouzon-le-rabot-20150412-123804\"\n\t\t\t\tclass=\"ngg-simplelightbox\" rel=\"c5526b9bd7c9e81481303ae1afbafd5a\">\n\t\t\t\t<img\n\t\t\t\t\ttitle=\"ULM - LF4131 - Vouzon-Le-Rabot\"\n\t\t\t\t\talt=\"ULM - LF4131 - Vouzon-Le-Rabot\"\n\t\t\t\t\tsrc=\"https:\/\/www.ulm-experience.com\/wp-content\/gallery\/rassemblement-ulm-lf4131-vouzon-le-rabot\/thumbs\/thumbs_ULM-LF4131-Vouzon-Le-Rabot-20150412-123804.JPG\"\n\t\t\t\t\twidth=\"120\"\n\t\t\t\t\theight=\"90\"\n\t\t\t\t\tstyle=\"max-width:100%;\"\n\t\t\t\t\/>\n\t\t\t<\/a>\n\t\t<\/div>\n\t\t\t\t\t\t\t<\/div>\n\t\t\t\n\t\t\t\t<div id=\"ngg-image-11\" class=\"ngg-gallery-thumbnail-box\n\t\t\t\t\t\t\t\t\t\t\t\"\n\t\t\t>\n\t\t\t\t\t\t<div class=\"ngg-gallery-thumbnail\">\n\t\t\t<a href=\"https:\/\/www.ulm-experience.com\/wp-content\/gallery\/rassemblement-ulm-lf4131-vouzon-le-rabot\/ULM-LF4131-Vouzon-Le-Rabot-elicoptere-20150412-094532.JPG\"\n\t\t\t\ttitle=\"D\u00e9collage d&#039;un ULM h\u00e9licopt\u00e8re \u00e0 Vouzon-Le-Rabot LF4131\"\n\t\t\t\tdata-src=\"https:\/\/www.ulm-experience.com\/wp-content\/gallery\/rassemblement-ulm-lf4131-vouzon-le-rabot\/ULM-LF4131-Vouzon-Le-Rabot-elicoptere-20150412-094532.JPG\"\n\t\t\t\tdata-thumbnail=\"https:\/\/www.ulm-experience.com\/wp-content\/gallery\/rassemblement-ulm-lf4131-vouzon-le-rabot\/thumbs\/thumbs_ULM-LF4131-Vouzon-Le-Rabot-elicoptere-20150412-094532.JPG\"\n\t\t\t\tdata-image-id=\"64\"\n\t\t\t\tdata-title=\"ULM - LF4131 - Vouzon-Le-Rabot\"\n\t\t\t\tdata-description=\"D\u00e9collage d&#039;un ULM h\u00e9licopt\u00e8re \u00e0 Vouzon-Le-Rabot LF4131\"\n\t\t\t\tdata-image-slug=\"ulm-lf4131-vouzon-le-rabot-elicoptere-20150412-094532\"\n\t\t\t\tclass=\"ngg-simplelightbox\" rel=\"c5526b9bd7c9e81481303ae1afbafd5a\">\n\t\t\t\t<img\n\t\t\t\t\ttitle=\"ULM - LF4131 - Vouzon-Le-Rabot\"\n\t\t\t\t\talt=\"ULM - LF4131 - Vouzon-Le-Rabot\"\n\t\t\t\t\tsrc=\"https:\/\/www.ulm-experience.com\/wp-content\/gallery\/rassemblement-ulm-lf4131-vouzon-le-rabot\/thumbs\/thumbs_ULM-LF4131-Vouzon-Le-Rabot-elicoptere-20150412-094532.JPG\"\n\t\t\t\t\twidth=\"120\"\n\t\t\t\t\theight=\"90\"\n\t\t\t\t\tstyle=\"max-width:100%;\"\n\t\t\t\t\/>\n\t\t\t<\/a>\n\t\t<\/div>\n\t\t\t\t\t\t\t<\/div>\n\t\t\t\n\t\t\t\t<div id=\"ngg-image-12\" class=\"ngg-gallery-thumbnail-box\n\t\t\t\t\t\t\t\t\t\t\t\"\n\t\t\t>\n\t\t\t\t\t\t<div class=\"ngg-gallery-thumbnail\">\n\t\t\t<a href=\"https:\/\/www.ulm-experience.com\/wp-content\/gallery\/rassemblement-ulm-lf4131-vouzon-le-rabot\/ULM-LF4131-Vouzon-Le-Rabot-pendulaire-20150412-095857.JPG\"\n\t\t\t\ttitle=\"D\u00e9collage d&#039;un ULM pendulaire \u00e0 Vouzon-Le-Rabot LF4131\"\n\t\t\t\tdata-src=\"https:\/\/www.ulm-experience.com\/wp-content\/gallery\/rassemblement-ulm-lf4131-vouzon-le-rabot\/ULM-LF4131-Vouzon-Le-Rabot-pendulaire-20150412-095857.JPG\"\n\t\t\t\tdata-thumbnail=\"https:\/\/www.ulm-experience.com\/wp-content\/gallery\/rassemblement-ulm-lf4131-vouzon-le-rabot\/thumbs\/thumbs_ULM-LF4131-Vouzon-Le-Rabot-pendulaire-20150412-095857.JPG\"\n\t\t\t\tdata-image-id=\"65\"\n\t\t\t\tdata-title=\"ULM - LF4131 - Vouzon-Le-Rabot\"\n\t\t\t\tdata-description=\"D\u00e9collage d&#039;un ULM pendulaire \u00e0 Vouzon-Le-Rabot LF4131\"\n\t\t\t\tdata-image-slug=\"ulm-lf4131-vouzon-le-rabot-pendulaire-20150412-095857\"\n\t\t\t\tclass=\"ngg-simplelightbox\" rel=\"c5526b9bd7c9e81481303ae1afbafd5a\">\n\t\t\t\t<img\n\t\t\t\t\ttitle=\"ULM - LF4131 - Vouzon-Le-Rabot\"\n\t\t\t\t\talt=\"ULM - LF4131 - Vouzon-Le-Rabot\"\n\t\t\t\t\tsrc=\"https:\/\/www.ulm-experience.com\/wp-content\/gallery\/rassemblement-ulm-lf4131-vouzon-le-rabot\/thumbs\/thumbs_ULM-LF4131-Vouzon-Le-Rabot-pendulaire-20150412-095857.JPG\"\n\t\t\t\t\twidth=\"120\"\n\t\t\t\t\theight=\"90\"\n\t\t\t\t\tstyle=\"max-width:100%;\"\n\t\t\t\t\/>\n\t\t\t<\/a>\n\t\t<\/div>\n\t\t\t\t\t\t\t<\/div>\n\t\t\t\n\t\t\t\t<div id=\"ngg-image-13\" class=\"ngg-gallery-thumbnail-box\n\t\t\t\t\t\t\t\t\t\t\t\"\n\t\t\t>\n\t\t\t\t\t\t<div class=\"ngg-gallery-thumbnail\">\n\t\t\t<a href=\"https:\/\/www.ulm-experience.com\/wp-content\/gallery\/rassemblement-ulm-lf4131-vouzon-le-rabot\/ULM-vue-aerienne-bourgogne-20150412-132132.JPG\"\n\t\t\t\ttitle=\"Vue a\u00e9rienne ULM de Bourgogne\"\n\t\t\t\tdata-src=\"https:\/\/www.ulm-experience.com\/wp-content\/gallery\/rassemblement-ulm-lf4131-vouzon-le-rabot\/ULM-vue-aerienne-bourgogne-20150412-132132.JPG\"\n\t\t\t\tdata-thumbnail=\"https:\/\/www.ulm-experience.com\/wp-content\/gallery\/rassemblement-ulm-lf4131-vouzon-le-rabot\/thumbs\/thumbs_ULM-vue-aerienne-bourgogne-20150412-132132.JPG\"\n\t\t\t\tdata-image-id=\"70\"\n\t\t\t\tdata-title=\"ULM - vue a\u00e9rienne de bourgogne\"\n\t\t\t\tdata-description=\"Vue a\u00e9rienne ULM de Bourgogne\"\n\t\t\t\tdata-image-slug=\"ulm-vue-aerienne-bourgogne-20150412-132132\"\n\t\t\t\tclass=\"ngg-simplelightbox\" rel=\"c5526b9bd7c9e81481303ae1afbafd5a\">\n\t\t\t\t<img\n\t\t\t\t\ttitle=\"ULM - vue a\u00e9rienne de bourgogne\"\n\t\t\t\t\talt=\"ULM - vue a\u00e9rienne de bourgogne\"\n\t\t\t\t\tsrc=\"https:\/\/www.ulm-experience.com\/wp-content\/gallery\/rassemblement-ulm-lf4131-vouzon-le-rabot\/thumbs\/thumbs_ULM-vue-aerienne-bourgogne-20150412-132132.JPG\"\n\t\t\t\t\twidth=\"120\"\n\t\t\t\t\theight=\"90\"\n\t\t\t\t\tstyle=\"max-width:100%;\"\n\t\t\t\t\/>\n\t\t\t<\/a>\n\t\t<\/div>\n\t\t\t\t\t\t\t<\/div>\n\t\t\t\n\t\t\t\t<div id=\"ngg-image-14\" class=\"ngg-gallery-thumbnail-box\n\t\t\t\t\t\t\t\t\t\t\t\"\n\t\t\t>\n\t\t\t\t\t\t<div class=\"ngg-gallery-thumbnail\">\n\t\t\t<a href=\"https:\/\/www.ulm-experience.com\/wp-content\/gallery\/rassemblement-ulm-lf4131-vouzon-le-rabot\/ULM-vue-aerienne-bourgogne-20150412-134301.JPG\"\n\t\t\t\ttitle=\"ULM en vol\"\n\t\t\t\tdata-src=\"https:\/\/www.ulm-experience.com\/wp-content\/gallery\/rassemblement-ulm-lf4131-vouzon-le-rabot\/ULM-vue-aerienne-bourgogne-20150412-134301.JPG\"\n\t\t\t\tdata-thumbnail=\"https:\/\/www.ulm-experience.com\/wp-content\/gallery\/rassemblement-ulm-lf4131-vouzon-le-rabot\/thumbs\/thumbs_ULM-vue-aerienne-bourgogne-20150412-134301.JPG\"\n\t\t\t\tdata-image-id=\"71\"\n\t\t\t\tdata-title=\"ULM - en vol\"\n\t\t\t\tdata-description=\"ULM en vol\"\n\t\t\t\tdata-image-slug=\"ulm-vue-aerienne-bourgogne-20150412-134301\"\n\t\t\t\tclass=\"ngg-simplelightbox\" rel=\"c5526b9bd7c9e81481303ae1afbafd5a\">\n\t\t\t\t<img\n\t\t\t\t\ttitle=\"ULM - en vol\"\n\t\t\t\t\talt=\"ULM - en vol\"\n\t\t\t\t\tsrc=\"https:\/\/www.ulm-experience.com\/wp-content\/gallery\/rassemblement-ulm-lf4131-vouzon-le-rabot\/thumbs\/thumbs_ULM-vue-aerienne-bourgogne-20150412-134301.JPG\"\n\t\t\t\t\twidth=\"120\"\n\t\t\t\t\theight=\"90\"\n\t\t\t\t\tstyle=\"max-width:100%;\"\n\t\t\t\t\/>\n\t\t\t<\/a>\n\t\t<\/div>\n\t\t\t\t\t\t\t<\/div>\n\t\t\t\n\t\n\t<br style=\"clear: both\" \/>\n\n\t\n\t\t<!-- Pagination -->\n\t\t<div class='ngg-clear'><\/div>\t<\/div>\n<\/p>\n","protected":false},"excerpt":{"rendered":"","protected":false},"author":2,"featured_media":0,"parent":802,"menu_order":0,"comment_status":"open","ping_status":"open","template":"","meta":{"colormag_page_layout":"default_layout","ngg_post_thumbnail":0,"footnotes":""},"class_list":["post-1158","page","type-page","status-publish","hentry"],"_links":{"self":[{"href":"https:\/\/www.ulm-experience.com\/index.php?rest_route=\/wp\/v2\/pages\/1158","targetHints":{"allow":["GET"]}}],"collection":[{"href":"https:\/\/www.ulm-experience.com\/index.php?rest_route=\/wp\/v2\/pages"}],"about":[{"href":"https:\/\/www.ulm-experience.com\/index.php?rest_route=\/wp\/v2\/types\/page"}],"author":[{"embeddable":true,"href":"https:\/\/www.ulm-experience.com\/index.php?rest_route=\/wp\/v2\/users\/2"}],"replies":[{"embeddable":true,"href":"https:\/\/www.ulm-experience.com\/index.php?rest_route=%2Fwp%2Fv2%2Fcomments&post=1158"}],"version-history":[{"count":0,"href":"https:\/\/www.ulm-experience.com\/index.php?rest_route=\/wp\/v2\/pages\/1158\/revisions"}],"up":[{"embeddable":true,"href":"https:\/\/www.ulm-experience.com\/index.php?rest_route=\/wp\/v2\/pages\/802"}],"wp:attachment":[{"href":"https:\/\/www.ulm-experience.com\/index.php?rest_route=%2Fwp%2Fv2%2Fmedia&parent=1158"}],"curies":[{"name":"wp","href":"https:\/\/api.w.org\/{rel}","templated":true}]}}